{"id":323,"date":"2026-02-17T10:05:19","date_gmt":"2026-02-17T10:05:19","guid":{"rendered":"https:\/\/odenwaldbote.de\/?page_id=323"},"modified":"2026-02-17T10:06:25","modified_gmt":"2026-02-17T10:06:25","slug":"323-2","status":"publish","type":"page","link":"https:\/\/odenwaldbote.de\/?page_id=323","title":{"rendered":"Impressum"},"content":{"rendered":"\n[et_pb_section fb_built=&#8220;1&#8243; theme_builder_area=&#8220;post_content&#8220; _builder_version=&#8220;4.27.5&#8243; _module_preset=&#8220;default&#8220;][et_pb_row _builder_version=&#8220;4.27.5&#8243; _module_preset=&#8220;default&#8220; theme_builder_area=&#8220;post_content&#8220;][et_pb_column _builder_version=&#8220;4.27.5&#8243; _module_preset=&#8220;default&#8220; type=&#8220;4_4&#8243; theme_builder_area=&#8220;post_content&#8220;][et_pb_text _builder_version=&#8220;4.27.5&#8243; _module_preset=&#8220;default&#8220; theme_builder_area=&#8220;post_content&#8220; hover_enabled=&#8220;0&#8243; sticky_enabled=&#8220;0&#8243;]<p><strong>Impressum<\/strong><\/p>\n<p><strong>Angaben gem\u00e4\u00df \u00a7 5 Digitale-Dienste-Gesetz (DDG)<\/strong><\/p>\n<p>Stephan Nungess<br \/>Rossbergring 73<br \/>64357 Reinheim<br \/>Deutschland<\/p>\n<p><strong>Kontakt<\/strong><\/p>\n<p>E-Mail: info@odenwaldbote.de<br \/>Telefon: +49 (0) 6162-9199717<\/p>\n<p><strong>Verantwortlich f\u00fcr den Inhalt nach \u00a7 18 Abs. 2 MStV<\/strong><\/p>\n<p>Stephan Nungess<br \/>Rossbergring 73<br \/>64357 Reinheim<br \/>Deutschland<\/p>\n<p><strong>Art des Angebots<\/strong><\/p>\n<p>Diese Webseite ist eine nicht-kommerzielle, private Informationsplattform mit Inhalten rund um die Region Odenwald.<br \/>Ziel ist die Bereitstellung von Informationen zu Natur, Geschichte, Sehensw\u00fcrdigkeiten, Veranstaltungen und regionalen Besonderheiten.<\/p>\n<p><strong>Haftung f\u00fcr Inhalte<\/strong><\/p>\n<p>Als Diensteanbieter bin ich gem\u00e4\u00df \u00a7 7 Abs. 1 DDG f\u00fcr eigene Inhalte auf diesen Seiten nach den allgemeinen Gesetzen verantwortlich. Nach \u00a7\u00a7 8 bis 10 DDG bin ich als Diensteanbieter jedoch nicht verpflichtet, \u00fcbermittelte oder gespeicherte fremde Informationen zu \u00fcberwachen oder nach Umst\u00e4nden zu forschen, die auf eine rechtswidrige T\u00e4tigkeit hinweisen.<\/p>\n<p><strong>Haftung f\u00fcr Links<\/strong><\/p>\n<p>Diese Webseite enth\u00e4lt ggf. Links zu externen Webseiten Dritter, auf deren Inhalte ich keinen Einfluss habe. Deshalb kann ich f\u00fcr diese fremden Inhalte auch keine Gew\u00e4hr \u00fcbernehmen. F\u00fcr die Inhalte der verlinkten Seiten ist stets der jeweilige Anbieter oder Betreiber der Seiten verantwortlich.<\/p>\n<p><strong>Urheberrecht<\/strong><\/p>\n<p>Die durch den Seitenbetreiber erstellten Inhalte und Werke auf diesen Seiten unterliegen dem deutschen Urheberrecht. Beitr\u00e4ge Dritter sind als solche gekennzeichnet.<br \/>Die Vervielf\u00e4ltigung, Bearbeitung, Verbreitung und jede Art der Verwertung au\u00dferhalb der Grenzen des Urheberrechts bed\u00fcrfen der schriftlichen Zustimmung des jeweiligen Autors bzw. Erstellers.<\/p>[\/et_pb_text][\/et_pb_column][\/et_pb_row][\/et_pb_section]\n","protected":false},"excerpt":{"rendered":"<p>Impressum Angaben gem\u00e4\u00df \u00a7 5 Digitale-Dienste-Gesetz (DDG) Stephan NungessRossbergring 7364357 ReinheimDeutschland Kontakt E-Mail: info@odenwaldbote.deTelefon: +49 (0) 6162-9199717 Verantwortlich f\u00fcr den Inhalt nach \u00a7 18 Abs. 2 MStV Stephan NungessRossbergring 7364357 ReinheimDeutschland Art des Angebots Diese Webseite ist eine nicht-kommerzielle, private Informationsplattform mit Inhalten rund um die Region Odenwald.Ziel ist die Bereitstellung von Informationen zu Natur, [&hellip;]<\/p>\n","protected":false},"author":1,"featured_media":0,"parent":0,"menu_order":0,"comment_status":"closed","ping_status":"closed","template":"","meta":{"_et_pb_use_builder":"on","_et_pb_old_content":"","_et_gb_content_width":"","footnotes":""},"class_list":["post-323","page","type-page","status-publish","hentry"],"_links":{"self":[{"href":"https:\/\/odenwaldbote.de\/index.php?rest_route=\/wp\/v2\/pages\/323","targetHints":{"allow":["GET"]}}],"collection":[{"href":"https:\/\/odenwaldbote.de\/index.php?rest_route=\/wp\/v2\/pages"}],"about":[{"href":"https:\/\/odenwaldbote.de\/index.php?rest_route=\/wp\/v2\/types\/page"}],"author":[{"embeddable":true,"href":"https:\/\/odenwaldbote.de\/index.php?rest_route=\/wp\/v2\/users\/1"}],"replies":[{"embeddable":true,"href":"https:\/\/odenwaldbote.de\/index.php?rest_route=%2Fwp%2Fv2%2Fcomments&post=323"}],"version-history":[{"count":3,"href":"https:\/\/odenwaldbote.de\/index.php?rest_route=\/wp\/v2\/pages\/323\/revisions"}],"predecessor-version":[{"id":326,"href":"https:\/\/odenwaldbote.de\/index.php?rest_route=\/wp\/v2\/pages\/323\/revisions\/326"}],"wp:attachment":[{"href":"https:\/\/odenwaldbote.de\/index.php?rest_route=%2Fwp%2Fv2%2Fmedia&parent=323"}],"curies":[{"name":"wp","href":"https:\/\/api.w.org\/{rel}","templated":true}]}}